{"id":406,"date":"2025-04-10T09:45:21","date_gmt":"2025-04-10T13:45:21","guid":{"rendered":"https:\/\/3drpd.creatures.ca\/liste-de-prix\/"},"modified":"2026-01-28T13:32:44","modified_gmt":"2026-01-28T18:32:44","slug":"liste-de-prix","status":"publish","type":"page","link":"https:\/\/www.3drpd.com\/fr\/liste-de-prix\/","title":{"rendered":"Liste de prix"},"content":{"rendered":"\t\t<div data-elementor-type=\"wp-page\" data-elementor-id=\"406\" class=\"elementor elementor-406 elementor-20\" data-elementor-post-type=\"page\">\n\t\t\t\t<div class=\"elementor-element elementor-element-14741de e-flex e-con-boxed e-con e-parent\" data-id=\"14741de\" data-element_type=\"container\" data-e-type=\"container\" data-settings=\"{&quot;background_background&quot;:&quot;classic&quot;}\">\n\t\t\t\t\t<div class=\"e-con-inner\">\n\t\t\t\t<div class=\"elementor-element elementor-element-32d152f elementor-widget elementor-widget-heading\" data-id=\"32d152f\" data-element_type=\"widget\" data-e-type=\"widget\" data-widget_type=\"heading.default\">\n\t\t\t\t<div class=\"elementor-widget-container\">\n\t\t\t\t\t<h1 class=\"elementor-heading-title elementor-size-default\">Liste de prix<\/h1>\t\t\t\t<\/div>\n\t\t\t\t<\/div>\n\t\t\t\t<div class=\"elementor-element elementor-element-41b97d2 elementor-widget elementor-widget-text-editor\" data-id=\"41b97d2\" data-element_type=\"widget\" data-e-type=\"widget\" data-widget_type=\"text-editor.default\">\n\t\t\t\t<div class=\"elementor-widget-container\">\n\t\t\t\t\t<IfSoCondition content='\t\t\t\t&lt;p&gt;en CAD&lt;\/p&gt;\t\t\t\t' default='&lt;p&gt;in USD&lt;\/p&gt;' rule='{&quot;trigger_type&quot;:&quot;Geolocation&quot;,&quot;geolocation_behaviour&quot;:&quot;is&quot;,&quot;geolocation_data&quot;:&quot;COUNTRY!!CA!!CA&quot;,&quot;freeze-mode&quot;:false}' hash='22e2af80520dabf9af334aeba00ed15b5d5843b0bbf02570aeb6eaa9acd2d3e9' class='' style='display:inline-block;'><\/IfSoCondition>\t\t\t\t<\/div>\n\t\t\t\t<\/div>\n\t\t\t\t\t<\/div>\n\t\t\t\t<\/div>\n\t\t<div class=\"elementor-element elementor-element-2a54a960 e-con-full e-flex e-con e-parent\" data-id=\"2a54a960\" data-element_type=\"container\" data-e-type=\"container\">\n\t\t<div class=\"elementor-element elementor-element-675db00e e-con-full e-flex e-con e-child\" data-id=\"675db00e\" data-element_type=\"container\" data-e-type=\"container\" data-settings=\"{&quot;background_background&quot;:&quot;classic&quot;}\">\n\t\t\t\t<div class=\"elementor-element elementor-element-684a081 elementor-view-default elementor-widget elementor-widget-icon\" data-id=\"684a081\" data-element_type=\"widget\" data-e-type=\"widget\" data-widget_type=\"icon.default\">\n\t\t\t\t<div class=\"elementor-widget-container\">\n\t\t\t\t\t\t\t<div class=\"elementor-icon-wrapper\">\n\t\t\t<div class=\"elementor-icon\">\n\t\t\t<svg aria-hidden=\"true\" class=\"e-font-icon-svg e-fas-circle\" viewBox=\"0 0 512 512\" xmlns=\"http:\/\/www.w3.org\/2000\/svg\"><path d=\"M256 8C119 8 8 119 8 256s111 248 248 248 248-111 248-248S393 8 256 8z\"><\/path><\/svg>\t\t\t<\/div>\n\t\t<\/div>\n\t\t\t\t\t\t<\/div>\n\t\t\t\t<\/div>\n\t\t\t\t<div class=\"elementor-element elementor-element-dceb3a5 elementor-widget elementor-widget-heading\" data-id=\"dceb3a5\" data-element_type=\"widget\" data-e-type=\"widget\" data-widget_type=\"heading.default\">\n\t\t\t\t<div class=\"elementor-widget-container\">\n\t\t\t\t\t<h2 class=\"elementor-heading-title elementor-size-default\">C<span style=\"font-size:18px\">o<\/span>C<span style=\"font-size:18px\">r<\/span> ARMATURE PPA<\/h2>\t\t\t\t<\/div>\n\t\t\t\t<\/div>\n\t\t<div class=\"elementor-element elementor-element-d0be646 e-con-full e-flex e-con e-child\" data-id=\"d0be646\" data-element_type=\"container\" data-e-type=\"container\">\n\t\t\t\t<div class=\"elementor-element elementor-element-a4ed2af elementor-widget-mobile__width-inherit elementor-widget elementor-widget-heading\" data-id=\"a4ed2af\" data-element_type=\"widget\" data-e-type=\"widget\" data-widget_type=\"heading.default\">\n\t\t\t\t<div class=\"elementor-widget-container\">\n\t\t\t\t\t<h3 class=\"elementor-heading-title elementor-size-default\">Polie<\/h3>\t\t\t\t<\/div>\n\t\t\t\t<\/div>\n\t\t\t\t<div class=\"elementor-element elementor-element-dfd9f14 elementor-widget elementor-widget-text-editor\" data-id=\"dfd9f14\" data-element_type=\"widget\" data-e-type=\"widget\" data-widget_type=\"text-editor.default\">\n\t\t\t\t<div class=\"elementor-widget-container\">\n\t\t\t\t\t<IfSoCondition content='\t\t\t\t&lt;p&gt;&lt;a href=&quot;mailto:info@3drpd.com&quot;&gt;info@3drpd.com&lt;\/a&gt;&lt;\/p&gt;\t\t\t\t' default='&lt;p&gt;US$93.00&lt;\/p&gt;' rule='{&quot;trigger_type&quot;:&quot;Geolocation&quot;,&quot;geolocation_behaviour&quot;:&quot;is&quot;,&quot;geolocation_data&quot;:&quot;COUNTRY!!CA!!CA&quot;,&quot;freeze-mode&quot;:false}' hash='cd469d100ac582f824bbe2dad2b09f441be8d1d5d03f3c9c09d722411ea75027' class='' style='display:inline-block;'><\/IfSoCondition>\t\t\t\t<\/div>\n\t\t\t\t<\/div>\n\t\t\t\t<\/div>\n\t\t<div class=\"elementor-element elementor-element-d9fb99a e-con-full e-flex e-con e-child\" data-id=\"d9fb99a\" data-element_type=\"container\" data-e-type=\"container\">\n\t\t\t\t<div class=\"elementor-element elementor-element-ff46a9d elementor-widget-mobile__width-inherit elementor-widget elementor-widget-heading\" data-id=\"ff46a9d\" data-element_type=\"widget\" data-e-type=\"widget\" data-widget_type=\"heading.default\">\n\t\t\t\t<div class=\"elementor-widget-container\">\n\t\t\t\t\t<h3 class=\"elementor-heading-title elementor-size-default\">non-polie<\/h3>\t\t\t\t<\/div>\n\t\t\t\t<\/div>\n\t\t\t\t<div class=\"elementor-element elementor-element-f1bb21a elementor-widget elementor-widget-text-editor\" data-id=\"f1bb21a\" data-element_type=\"widget\" data-e-type=\"widget\" data-widget_type=\"text-editor.default\">\n\t\t\t\t<div class=\"elementor-widget-container\">\n\t\t\t\t\t<IfSoCondition content='\t\t\t\t&lt;p&gt;&lt;a href=&quot;mailto:info@3drpd.com&quot;&gt;info@3drpd.com&lt;\/a&gt;&lt;\/p&gt;\t\t\t\t' default='&lt;p&gt;US$73.00&lt;\/p&gt;' rule='{&quot;trigger_type&quot;:&quot;Geolocation&quot;,&quot;geolocation_behaviour&quot;:&quot;is&quot;,&quot;geolocation_data&quot;:&quot;COUNTRY!!CA!!CA&quot;,&quot;freeze-mode&quot;:false}' hash='5b77b31ed783aef1406aed51a99d4cbf1a8d201468b1efd2cd503541341db088' class='' style='display:inline-block;'><\/IfSoCondition>\t\t\t\t<\/div>\n\t\t\t\t<\/div>\n\t\t\t\t<\/div>\n\t\t\t\t<\/div>\n\t\t<div class=\"elementor-element elementor-element-2c9c29f e-con-full e-flex e-con e-child\" data-id=\"2c9c29f\" data-element_type=\"container\" data-e-type=\"container\" data-settings=\"{&quot;background_background&quot;:&quot;classic&quot;}\">\n\t\t\t\t<div class=\"elementor-element elementor-element-15d51c6 elementor-view-default elementor-widget elementor-widget-icon\" data-id=\"15d51c6\" data-element_type=\"widget\" data-e-type=\"widget\" data-widget_type=\"icon.default\">\n\t\t\t\t<div class=\"elementor-widget-container\">\n\t\t\t\t\t\t\t<div class=\"elementor-icon-wrapper\">\n\t\t\t<div class=\"elementor-icon\">\n\t\t\t<svg aria-hidden=\"true\" class=\"e-font-icon-svg e-fas-circle\" viewBox=\"0 0 512 512\" xmlns=\"http:\/\/www.w3.org\/2000\/svg\"><path d=\"M256 8C119 8 8 119 8 256s111 248 248 248 248-111 248-248S393 8 256 8z\"><\/path><\/svg>\t\t\t<\/div>\n\t\t<\/div>\n\t\t\t\t\t\t<\/div>\n\t\t\t\t<\/div>\n\t\t\t\t<div class=\"elementor-element elementor-element-1b2b547 elementor-widget elementor-widget-heading\" data-id=\"1b2b547\" data-element_type=\"widget\" data-e-type=\"widget\" data-widget_type=\"heading.default\">\n\t\t\t\t<div class=\"elementor-widget-container\">\n\t\t\t\t\t<h2 class=\"elementor-heading-title elementor-size-default\">TITANIUM<\/h2>\t\t\t\t<\/div>\n\t\t\t\t<\/div>\n\t\t<div class=\"elementor-element elementor-element-764ab65 e-con-full e-flex e-con e-child\" data-id=\"764ab65\" data-element_type=\"container\" data-e-type=\"container\">\n\t\t\t\t<div class=\"elementor-element elementor-element-90dfb34 elementor-widget elementor-widget-heading\" data-id=\"90dfb34\" data-element_type=\"widget\" data-e-type=\"widget\" data-widget_type=\"heading.default\">\n\t\t\t\t<div class=\"elementor-widget-container\">\n\t\t\t\t\t<h3 class=\"elementor-heading-title elementor-size-default\">ARMATURE PPA\n<br>POLIE<\/h3>\t\t\t\t<\/div>\n\t\t\t\t<\/div>\n\t\t\t\t<div class=\"elementor-element elementor-element-0064cfc elementor-widget elementor-widget-text-editor\" data-id=\"0064cfc\" data-element_type=\"widget\" data-e-type=\"widget\" data-widget_type=\"text-editor.default\">\n\t\t\t\t<div class=\"elementor-widget-container\">\n\t\t\t\t\t<IfSoCondition content='\t\t\t\t&lt;p&gt;&lt;a href=&quot;mailto:info@3drpd.com&quot;&gt;info@3drpd.com&lt;\/a&gt;&lt;\/p&gt;\t\t\t\t' default='&lt;p&gt;&lt;a href=&quot;mailto:info@3drpd.com&quot;&gt;info@3drpd.com&lt;\/a&gt;&lt;\/p&gt;' rule='{&quot;trigger_type&quot;:&quot;Geolocation&quot;,&quot;geolocation_behaviour&quot;:&quot;is&quot;,&quot;geolocation_data&quot;:&quot;COUNTRY!!US!!US&quot;,&quot;freeze-mode&quot;:false}' hash='6b1f3cfb5b79494ecbb55721f61b0afb3a376dabbf05d4ff04dd1bf226f29bac' class='' style='display:inline-block;'><\/IfSoCondition>\t\t\t\t<\/div>\n\t\t\t\t<\/div>\n\t\t\t\t<\/div>\n\t\t<div class=\"elementor-element elementor-element-11e0d30 e-con-full e-flex e-con e-child\" data-id=\"11e0d30\" data-element_type=\"container\" data-e-type=\"container\">\n\t\t\t\t<div class=\"elementor-element elementor-element-3535524 elementor-widget elementor-widget-heading\" data-id=\"3535524\" data-element_type=\"widget\" data-e-type=\"widget\" data-widget_type=\"heading.default\">\n\t\t\t\t<div class=\"elementor-widget-container\">\n\t\t\t\t\t<h3 class=\"elementor-heading-title elementor-size-default\">GUIDE CHIRURGICAL <br>IMPLANT<\/h3>\t\t\t\t<\/div>\n\t\t\t\t<\/div>\n\t\t\t\t<div class=\"elementor-element elementor-element-d2e293e elementor-widget elementor-widget-text-editor\" data-id=\"d2e293e\" data-element_type=\"widget\" data-e-type=\"widget\" data-widget_type=\"text-editor.default\">\n\t\t\t\t<div class=\"elementor-widget-container\">\n\t\t\t\t\t<IfSoCondition content='\t\t\t\t&lt;p&gt;90,00 $ CA&lt;\/p&gt;\t\t\t\t' default='&lt;p&gt;US$64.00&lt;\/p&gt;' rule='{&quot;trigger_type&quot;:&quot;Geolocation&quot;,&quot;geolocation_behaviour&quot;:&quot;is&quot;,&quot;geolocation_data&quot;:&quot;COUNTRY!!CA!!CA&quot;,&quot;freeze-mode&quot;:false}' hash='300126f80627e34e90d9c0219015868e844de6a9e9b2641d9369b3c40c8c698f' class='' style='display:inline-block;'><\/IfSoCondition>\t\t\t\t<\/div>\n\t\t\t\t<\/div>\n\t\t\t\t<\/div>\n\t\t\t\t<\/div>\n\t\t<div class=\"elementor-element elementor-element-2292323 e-con-full e-flex e-con e-child\" data-id=\"2292323\" data-element_type=\"container\" data-e-type=\"container\" data-settings=\"{&quot;background_background&quot;:&quot;classic&quot;}\">\n\t\t\t\t<div class=\"elementor-element elementor-element-cec89cf elementor-view-default elementor-widget elementor-widget-icon\" data-id=\"cec89cf\" data-element_type=\"widget\" data-e-type=\"widget\" data-widget_type=\"icon.default\">\n\t\t\t\t<div class=\"elementor-widget-container\">\n\t\t\t\t\t\t\t<div class=\"elementor-icon-wrapper\">\n\t\t\t<div class=\"elementor-icon\">\n\t\t\t<svg aria-hidden=\"true\" class=\"e-font-icon-svg e-fas-circle\" viewBox=\"0 0 512 512\" xmlns=\"http:\/\/www.w3.org\/2000\/svg\"><path d=\"M256 8C119 8 8 119 8 256s111 248 248 248 248-111 248-248S393 8 256 8z\"><\/path><\/svg>\t\t\t<\/div>\n\t\t<\/div>\n\t\t\t\t\t\t<\/div>\n\t\t\t\t<\/div>\n\t\t\t\t<div class=\"elementor-element elementor-element-7b874b6 elementor-widget elementor-widget-heading\" data-id=\"7b874b6\" data-element_type=\"widget\" data-e-type=\"widget\" data-widget_type=\"heading.default\">\n\t\t\t\t<div class=\"elementor-widget-container\">\n\t\t\t\t\t<h2 class=\"elementor-heading-title elementor-size-default\">AUTRE<\/h2>\t\t\t\t<\/div>\n\t\t\t\t<\/div>\n\t\t<div class=\"elementor-element elementor-element-63a9970 e-con-full e-flex e-con e-child\" data-id=\"63a9970\" data-element_type=\"container\" data-e-type=\"container\">\n\t\t\t\t<div class=\"elementor-element elementor-element-b66f6e9 elementor-widget-mobile__width-inherit elementor-widget elementor-widget-heading\" data-id=\"b66f6e9\" data-element_type=\"widget\" data-e-type=\"widget\" data-widget_type=\"heading.default\">\n\t\t\t\t<div class=\"elementor-widget-container\">\n\t\t\t\t\t<h3 class=\"elementor-heading-title elementor-size-default\">SCAN MOD\u00c8LE<\/h3>\t\t\t\t<\/div>\n\t\t\t\t<\/div>\n\t\t\t\t<div class=\"elementor-element elementor-element-d896421 elementor-widget elementor-widget-text-editor\" data-id=\"d896421\" data-element_type=\"widget\" data-e-type=\"widget\" data-widget_type=\"text-editor.default\">\n\t\t\t\t<div class=\"elementor-widget-container\">\n\t\t\t\t\t<IfSoCondition content='\t\t\t\t&lt;p&gt;10,00 $ CA&lt;\/p&gt;\t\t\t\t' default='&lt;p&gt;US$8.00&lt;\/p&gt;' rule='{&quot;trigger_type&quot;:&quot;Geolocation&quot;,&quot;geolocation_behaviour&quot;:&quot;is&quot;,&quot;geolocation_data&quot;:&quot;COUNTRY!!CA!!CA&quot;,&quot;freeze-mode&quot;:false}' hash='e432fc9148745e2f4a7e131e5368344890f5f12107e43ede1895aac32032ec36' class='' style='display:inline-block;'><\/IfSoCondition>\t\t\t\t<\/div>\n\t\t\t\t<\/div>\n\t\t\t\t<\/div>\n\t\t<div class=\"elementor-element elementor-element-972959f e-con-full e-flex e-con e-child\" data-id=\"972959f\" data-element_type=\"container\" data-e-type=\"container\">\n\t\t\t\t<div class=\"elementor-element elementor-element-0fc4008 elementor-widget-mobile__width-inherit elementor-widget elementor-widget-heading\" data-id=\"0fc4008\" data-element_type=\"widget\" data-e-type=\"widget\" data-widget_type=\"heading.default\">\n\t\t\t\t<div class=\"elementor-widget-container\">\n\t\t\t\t\t<h3 class=\"elementor-heading-title elementor-size-default\">Design<\/h3>\t\t\t\t<\/div>\n\t\t\t\t<\/div>\n\t\t\t\t<div class=\"elementor-element elementor-element-841fea3 elementor-widget elementor-widget-text-editor\" data-id=\"841fea3\" data-element_type=\"widget\" data-e-type=\"widget\" data-widget_type=\"text-editor.default\">\n\t\t\t\t<div class=\"elementor-widget-container\">\n\t\t\t\t\t<IfSoCondition content='\t\t\t\t&lt;p&gt;27,00 $ CA&lt;\/p&gt;\t\t\t\t' default='&lt;p&gt;US$19.00&lt;\/p&gt;' rule='{&quot;trigger_type&quot;:&quot;Geolocation&quot;,&quot;geolocation_behaviour&quot;:&quot;is&quot;,&quot;geolocation_data&quot;:&quot;COUNTRY!!CA!!CA&quot;,&quot;freeze-mode&quot;:false}' hash='d2ec607ea997c0b2f52e15df88844bf80ee0995cdcfaa2329d19d99edbde9ab9' class='' style='display:inline-block;'><\/IfSoCondition>\t\t\t\t<\/div>\n\t\t\t\t<\/div>\n\t\t\t\t<\/div>\n\t\t<div class=\"elementor-element elementor-element-db65f60 e-con-full e-flex e-con e-child\" data-id=\"db65f60\" data-element_type=\"container\" data-e-type=\"container\">\n\t\t\t\t<div class=\"elementor-element elementor-element-c557552 elementor-widget-mobile__width-inherit elementor-widget elementor-widget-heading\" data-id=\"c557552\" data-element_type=\"widget\" data-e-type=\"widget\" data-widget_type=\"heading.default\">\n\t\t\t\t<div class=\"elementor-widget-container\">\n\t\t\t\t\t<h3 class=\"elementor-heading-title elementor-size-default\">Mod\u00e8le imprim\u00e9<\/h3>\t\t\t\t<\/div>\n\t\t\t\t<\/div>\n\t\t\t\t<div class=\"elementor-element elementor-element-35bdac5 elementor-widget elementor-widget-text-editor\" data-id=\"35bdac5\" data-element_type=\"widget\" data-e-type=\"widget\" data-widget_type=\"text-editor.default\">\n\t\t\t\t<div class=\"elementor-widget-container\">\n\t\t\t\t\t<IfSoCondition content='\t\t\t\t&lt;p&gt;10,00 $ CA&lt;\/p&gt;\t\t\t\t' default='&lt;p&gt;US$7.00&lt;\/p&gt;' rule='{&quot;trigger_type&quot;:&quot;Geolocation&quot;,&quot;geolocation_behaviour&quot;:&quot;is&quot;,&quot;geolocation_data&quot;:&quot;COUNTRY!!CA!!CA&quot;,&quot;freeze-mode&quot;:false}' hash='cb3ced4be75ea121394c0405a51f8c2d44b529219aaed9e54d649730ba29f232' class='' style='display:inline-block;'><\/IfSoCondition>\t\t\t\t<\/div>\n\t\t\t\t<\/div>\n\t\t\t\t<\/div>\n\t\t\t\t<\/div>\n\t\t\t\t<\/div>\n\t\t<div class=\"elementor-element elementor-element-469be4e7 e-flex e-con-boxed e-con e-parent\" data-id=\"469be4e7\" data-element_type=\"container\" data-e-type=\"container\" data-settings=\"{&quot;background_background&quot;:&quot;gradient&quot;}\">\n\t\t\t\t\t<div class=\"e-con-inner\">\n\t\t<div class=\"elementor-element elementor-element-8dd0f23 e-con-full e-flex e-con e-child\" data-id=\"8dd0f23\" data-element_type=\"container\" data-e-type=\"container\" data-settings=\"{&quot;background_background&quot;:&quot;classic&quot;}\">\n\t\t\t\t<div class=\"elementor-element elementor-element-bbfbcb4 elementor-widget elementor-widget-heading\" data-id=\"bbfbcb4\" data-element_type=\"widget\" data-e-type=\"widget\" data-widget_type=\"heading.default\">\n\t\t\t\t<div class=\"elementor-widget-container\">\n\t\t\t\t\t<h2 class=\"elementor-heading-title elementor-size-default\">INT\u00c9RESS\u00c9 PAR NOS PRODUITS?\n\n<\/h2>\t\t\t\t<\/div>\n\t\t\t\t<\/div>\n\t\t\t\t<div class=\"elementor-element elementor-element-f5526d8 elementor-align-center elementor-widget elementor-widget-button\" data-id=\"f5526d8\" data-element_type=\"widget\" data-e-type=\"widget\" data-widget_type=\"button.default\">\n\t\t\t\t<div class=\"elementor-widget-container\">\n\t\t\t\t\t\t\t\t\t<div class=\"elementor-button-wrapper\">\n\t\t\t\t\t<a class=\"elementor-button elementor-button-link elementor-size-sm\" href=\"https:\/\/www.3drpd.com\/fr\/contact\/\">\n\t\t\t\t\t\t<span class=\"elementor-button-content-wrapper\">\n\t\t\t\t\t\t\t\t\t<span class=\"elementor-button-text\">CONTACTEZ-NOUS<\/span>\n\t\t\t\t\t<\/span>\n\t\t\t\t\t<\/a>\n\t\t\t\t<\/div>\n\t\t\t\t\t\t\t\t<\/div>\n\t\t\t\t<\/div>\n\t\t\t\t<\/div>\n\t\t\t\t\t<\/div>\n\t\t\t\t<\/div>\n\t\t\t\t<\/div>\n\t\t","protected":false},"excerpt":{"rendered":"<p>en CAD CoCr ARMATURE PPA Polie info@3drpd.com non-polie info@3drpd.com TITANIUM ARMATURE PPA POLIE info@3drpd.com GUIDE CHIRURGICAL IMPLANT 90,00 $ CA AUTRE SCAN MOD\u00c8LE 10,00 $ CA Design 27,00 $ CA Mod\u00e8le imprim\u00e9 10,00 $ CA INT\u00c9RESS\u00c9 PAR NOS PRODUITS? CONTACTEZ-NOUS<\/p>\n","protected":false},"author":1,"featured_media":0,"parent":0,"menu_order":4,"comment_status":"closed","ping_status":"closed","template":"elementor_header_footer","meta":{"footnotes":""},"class_list":["post-406","page","type-page","status-publish","hentry"],"_links":{"self":[{"href":"https:\/\/www.3drpd.com\/fr\/wp-json\/wp\/v2\/pages\/406","targetHints":{"allow":["GET"]}}],"collection":[{"href":"https:\/\/www.3drpd.com\/fr\/wp-json\/wp\/v2\/pages"}],"about":[{"href":"https:\/\/www.3drpd.com\/fr\/wp-json\/wp\/v2\/types\/page"}],"author":[{"embeddable":true,"href":"https:\/\/www.3drpd.com\/fr\/wp-json\/wp\/v2\/users\/1"}],"replies":[{"embeddable":true,"href":"https:\/\/www.3drpd.com\/fr\/wp-json\/wp\/v2\/comments?post=406"}],"version-history":[{"count":14,"href":"https:\/\/www.3drpd.com\/fr\/wp-json\/wp\/v2\/pages\/406\/revisions"}],"predecessor-version":[{"id":804,"href":"https:\/\/www.3drpd.com\/fr\/wp-json\/wp\/v2\/pages\/406\/revisions\/804"}],"wp:attachment":[{"href":"https:\/\/www.3drpd.com\/fr\/wp-json\/wp\/v2\/media?parent=406"}],"curies":[{"name":"wp","href":"https:\/\/api.w.org\/{rel}","templated":true}]}}