{"id":404,"date":"2025-04-10T09:45:02","date_gmt":"2025-04-10T13:45:02","guid":{"rendered":"https:\/\/3drpd.creatures.ca\/etudes-clinique\/"},"modified":"2025-06-09T14:37:38","modified_gmt":"2025-06-09T18:37:38","slug":"etudes-cliniques","status":"publish","type":"page","link":"https:\/\/www.3drpd.com\/fr\/etudes-cliniques\/","title":{"rendered":"\u00c9tudes cliniques"},"content":{"rendered":"\t\t<div data-elementor-type=\"wp-page\" data-elementor-id=\"404\" class=\"elementor elementor-404 elementor-18\" data-elementor-post-type=\"page\">\n\t\t\t\t<div class=\"elementor-element elementor-element-f133e7e e-flex e-con-boxed e-con e-parent\" data-id=\"f133e7e\" data-element_type=\"container\" data-e-type=\"container\" data-settings=\"{&quot;background_background&quot;:&quot;classic&quot;}\">\n\t\t\t\t\t<div class=\"e-con-inner\">\n\t\t\t\t<div class=\"elementor-element elementor-element-b2590c4 elementor-widget elementor-widget-heading\" data-id=\"b2590c4\" data-element_type=\"widget\" data-e-type=\"widget\" data-widget_type=\"heading.default\">\n\t\t\t\t<div class=\"elementor-widget-container\">\n\t\t\t\t\t<h1 class=\"elementor-heading-title elementor-size-default\">\u00c9tudes cliniques<\/h1>\t\t\t\t<\/div>\n\t\t\t\t<\/div>\n\t\t\t\t\t<\/div>\n\t\t\t\t<\/div>\n\t\t<div class=\"elementor-element elementor-element-8261e25 e-flex e-con-boxed e-con e-parent\" data-id=\"8261e25\" data-element_type=\"container\" data-e-type=\"container\">\n\t\t\t\t\t<div class=\"e-con-inner\">\n\t\t<div class=\"elementor-element elementor-element-992e440 e-con-full e-flex e-con e-child\" data-id=\"992e440\" data-element_type=\"container\" data-e-type=\"container\">\n\t\t\t\t<div class=\"elementor-element elementor-element-62c546f elementor-widget elementor-widget-heading\" data-id=\"62c546f\" data-element_type=\"widget\" data-e-type=\"widget\" data-widget_type=\"heading.default\">\n\t\t\t\t<div class=\"elementor-widget-container\">\n\t\t\t\t\t<h2 class=\"elementor-heading-title elementor-size-default\">\u00c9TUDES MCGILL<\/h2>\t\t\t\t<\/div>\n\t\t\t\t<\/div>\n\t\t\t\t<div class=\"elementor-element elementor-element-620a6f3 elementor-widget elementor-widget-text-editor\" data-id=\"620a6f3\" data-element_type=\"widget\" data-e-type=\"widget\" data-widget_type=\"text-editor.default\">\n\t\t\t\t<div class=\"elementor-widget-container\">\n\t\t\t\t\t\t\t\t\t<p class=\"p1\"><b>La technologie des proth\u00e8ses imprim\u00e9es par laser a d\u00e9montr\u00e9 son efficacit\u00e9 dans des \u00e9tudes men\u00e9es \u00e0 l\u2019Universit\u00e9 McGill, \u00e0 Montr\u00e9al, au Canada. <\/b><\/p><p class=\"p1\">La notion de \u00ab <b>meilleure pratique ax\u00e9e sur le patient<\/b> \u00bb d\u00e9signe une technique ou une m\u00e9thodologie qui, gr\u00e2ce \u00e0 l\u2019exp\u00e9rience et \u00e0 la recherche fond\u00e9e sur des donn\u00e9es probantes, a d\u00e9montr\u00e9 de mani\u00e8re constante sa capacit\u00e9 \u00e0 produire des r\u00e9sultats fiables et souhaitables \u2014 en particulier dans la fabrication de proth\u00e8ses de la plus haute qualit\u00e9 pour les patients.<\/p>\t\t\t\t\t\t\t\t<\/div>\n\t\t\t\t<\/div>\n\t\t\t\t<div class=\"elementor-element elementor-element-a7a8df2 elementor-widget elementor-widget-text-editor\" data-id=\"a7a8df2\" data-element_type=\"widget\" data-e-type=\"widget\" data-widget_type=\"text-editor.default\">\n\t\t\t\t<div class=\"elementor-widget-container\">\n\t\t\t\t\t\t\t\t\t<p>L\u2019alliage chrome-cobalt fritt\u00e9 au laser est plus dur et plus dense, pr\u00e9sente une meilleure organisation microstructurale, ainsi qu\u2019une limite d\u2019\u00e9lasticit\u00e9 et une r\u00e9sistance \u00e0 la traction sup\u00e9rieure comparativement aux alliages coul\u00e9s. Il est reconnu pour am\u00e9liorer significativement le confort global et la satisfaction des patients.<\/p>\t\t\t\t\t\t\t\t<\/div>\n\t\t\t\t<\/div>\n\t\t\t\t<div class=\"elementor-element elementor-element-0a802f0 elementor-widget elementor-widget-text-editor\" data-id=\"0a802f0\" data-element_type=\"widget\" data-e-type=\"widget\" data-widget_type=\"text-editor.default\">\n\t\t\t\t<div class=\"elementor-widget-container\">\n\t\t\t\t\t\t\t\t\t<p class=\"p1\">Faleh Tamimi, 2017 Journal of Biomedical Materials Research<\/p>\t\t\t\t\t\t\t\t<\/div>\n\t\t\t\t<\/div>\n\t\t\t\t<div class=\"elementor-element elementor-element-2313a58 elementor-widget elementor-widget-button\" data-id=\"2313a58\" data-element_type=\"widget\" data-e-type=\"widget\" data-widget_type=\"button.default\">\n\t\t\t\t<div class=\"elementor-widget-container\">\n\t\t\t\t\t\t\t\t\t<div class=\"elementor-button-wrapper\">\n\t\t\t\t\t<a class=\"elementor-button elementor-button-link elementor-size-sm\" href=\"https:\/\/www.3drpd.com\/wp-content\/uploads\/2025\/04\/J-Biomed-Mater-Res-2017-Alageel-Removable-partial-denture-alloys-processed-by-laser\u2010sintering-technique-copie.pdf\" target=\"_blank\">\n\t\t\t\t\t\t<span class=\"elementor-button-content-wrapper\">\n\t\t\t\t\t\t\t\t\t<span class=\"elementor-button-text\">T\u00c9L\u00c9CHARGER L'\u00c9TUDE<\/span>\n\t\t\t\t\t<\/span>\n\t\t\t\t\t<\/a>\n\t\t\t\t<\/div>\n\t\t\t\t\t\t\t\t<\/div>\n\t\t\t\t<\/div>\n\t\t\t\t<\/div>\n\t\t<div class=\"elementor-element elementor-element-54adf6a e-con-full e-flex e-con e-child\" data-id=\"54adf6a\" data-element_type=\"container\" data-e-type=\"container\">\n\t\t\t\t<div class=\"elementor-element elementor-element-85bb9fe elementor-widget elementor-widget-image\" data-id=\"85bb9fe\" data-element_type=\"widget\" data-e-type=\"widget\" data-widget_type=\"image.default\">\n\t\t\t\t<div class=\"elementor-widget-container\">\n\t\t\t\t\t\t\t\t\t\t\t\t\t\t\t<img fetchpriority=\"high\" decoding=\"async\" width=\"270\" height=\"240\" src=\"https:\/\/www.3drpd.com\/wp-content\/uploads\/2025\/04\/3DRDPD_avantage_graphic1.png\" class=\"attachment-large size-large wp-image-379\" alt=\"\" \/>\t\t\t\t\t\t\t\t\t\t\t\t\t\t\t<\/div>\n\t\t\t\t<\/div>\n\t\t\t\t<\/div>\n\t\t\t\t\t<\/div>\n\t\t\t\t<\/div>\n\t\t<div class=\"elementor-element elementor-element-3cde6f5 e-flex e-con-boxed e-con e-parent\" data-id=\"3cde6f5\" data-element_type=\"container\" data-e-type=\"container\" data-settings=\"{&quot;background_background&quot;:&quot;classic&quot;}\">\n\t\t\t\t\t<div class=\"e-con-inner\">\n\t\t<div class=\"elementor-element elementor-element-71dd0fa e-con-full e-flex e-con e-child\" data-id=\"71dd0fa\" data-element_type=\"container\" data-e-type=\"container\">\n\t\t\t\t<div class=\"elementor-element elementor-element-1fc192a elementor-widget elementor-widget-heading\" data-id=\"1fc192a\" data-element_type=\"widget\" data-e-type=\"widget\" data-widget_type=\"heading.default\">\n\t\t\t\t<div class=\"elementor-widget-container\">\n\t\t\t\t\t<h2 class=\"elementor-heading-title elementor-size-default\">\u00e9tudes cliniques<\/h2>\t\t\t\t<\/div>\n\t\t\t\t<\/div>\n\t\t\t\t<div class=\"elementor-element elementor-element-1bab337 elementor-widget elementor-widget-text-editor\" data-id=\"1bab337\" data-element_type=\"widget\" data-e-type=\"widget\" data-widget_type=\"text-editor.default\">\n\t\t\t\t<div class=\"elementor-widget-container\">\n\t\t\t\t\t\t\t\t\t<p class=\"p1\">Les proth\u00e8ses partielles amovibles (PPA) fabriqu\u00e9es \u00e0 l\u2019aide de la technologie de prototypage rapide (SLS) sont associ\u00e9es \u00e0 une satisfaction globale plus \u00e9lev\u00e9e des patients comparativement \u00e0 celles produites par les m\u00e9thodes de coul\u00e9e conventionnelle, principalement en raison d\u2019un meilleur confort, d\u2019une stabilit\u00e9 accrue et d\u2019un entretien hygi\u00e9nique facilit\u00e9. Cette technologie pr\u00e9sente un fort potentiel pour am\u00e9liorer l\u2019acceptabilit\u00e9 clinique des PPA m\u00e9talliques.<\/p>\t\t\t\t\t\t\t\t<\/div>\n\t\t\t\t<\/div>\n\t\t\t\t<div class=\"elementor-element elementor-element-8dc16ab elementor-widget elementor-widget-text-editor\" data-id=\"8dc16ab\" data-element_type=\"widget\" data-e-type=\"widget\" data-widget_type=\"text-editor.default\">\n\t\t\t\t<div class=\"elementor-widget-container\">\n\t\t\t\t\t\t\t\t\t<p class=\"p1\">Balqees Almufleh, 2018 The Journal of Prosthetic Dentistry<\/p>\t\t\t\t\t\t\t\t<\/div>\n\t\t\t\t<\/div>\n\t\t\t\t<div class=\"elementor-element elementor-element-4f2c4fb elementor-widget elementor-widget-button\" data-id=\"4f2c4fb\" data-element_type=\"widget\" data-e-type=\"widget\" data-widget_type=\"button.default\">\n\t\t\t\t<div class=\"elementor-widget-container\">\n\t\t\t\t\t\t\t\t\t<div class=\"elementor-button-wrapper\">\n\t\t\t\t\t<a class=\"elementor-button elementor-button-link elementor-size-sm\" href=\"https:\/\/www.3drpd.com\/wp-content\/uploads\/2025\/04\/Patient-satisfaction.pdf\" target=\"_blank\">\n\t\t\t\t\t\t<span class=\"elementor-button-content-wrapper\">\n\t\t\t\t\t\t\t\t\t<span class=\"elementor-button-text\">T\u00c9L\u00c9CHARGER L'\u00c9TUDE<\/span>\n\t\t\t\t\t<\/span>\n\t\t\t\t\t<\/a>\n\t\t\t\t<\/div>\n\t\t\t\t\t\t\t\t<\/div>\n\t\t\t\t<\/div>\n\t\t\t\t<\/div>\n\t\t\t\t\t<\/div>\n\t\t\t\t<\/div>\n\t\t\t\t<\/div>\n\t\t","protected":false},"excerpt":{"rendered":"<p>\u00c9TUDES MCGILL La technologie des proth\u00e8ses imprim\u00e9es par laser a d\u00e9montr\u00e9 son efficacit\u00e9 dans des \u00e9tudes men\u00e9es \u00e0 l\u2019Universit\u00e9 McGill, \u00e0 Montr\u00e9al, au Canada. La notion de \u00ab meilleure pratique ax\u00e9e sur le patient \u00bb d\u00e9signe une technique ou une m\u00e9thodologie qui, gr\u00e2ce \u00e0 l\u2019exp\u00e9rience et \u00e0 la recherche fond\u00e9e sur des donn\u00e9es probantes, a [&hellip;]<\/p>\n","protected":false},"author":1,"featured_media":0,"parent":0,"menu_order":3,"comment_status":"closed","ping_status":"closed","template":"elementor_header_footer","meta":{"footnotes":""},"class_list":["post-404","page","type-page","status-publish","hentry"],"_links":{"self":[{"href":"https:\/\/www.3drpd.com\/fr\/wp-json\/wp\/v2\/pages\/404","targetHints":{"allow":["GET"]}}],"collection":[{"href":"https:\/\/www.3drpd.com\/fr\/wp-json\/wp\/v2\/pages"}],"about":[{"href":"https:\/\/www.3drpd.com\/fr\/wp-json\/wp\/v2\/types\/page"}],"author":[{"embeddable":true,"href":"https:\/\/www.3drpd.com\/fr\/wp-json\/wp\/v2\/users\/1"}],"replies":[{"embeddable":true,"href":"https:\/\/www.3drpd.com\/fr\/wp-json\/wp\/v2\/comments?post=404"}],"version-history":[{"count":3,"href":"https:\/\/www.3drpd.com\/fr\/wp-json\/wp\/v2\/pages\/404\/revisions"}],"predecessor-version":[{"id":672,"href":"https:\/\/www.3drpd.com\/fr\/wp-json\/wp\/v2\/pages\/404\/revisions\/672"}],"wp:attachment":[{"href":"https:\/\/www.3drpd.com\/fr\/wp-json\/wp\/v2\/media?parent=404"}],"curies":[{"name":"wp","href":"https:\/\/api.w.org\/{rel}","templated":true}]}}