{"id":402,"date":"2025-04-10T09:44:46","date_gmt":"2025-04-10T13:44:46","guid":{"rendered":"https:\/\/3drpd.creatures.ca\/certifications\/"},"modified":"2025-06-19T08:59:48","modified_gmt":"2025-06-19T12:59:48","slug":"certifications","status":"publish","type":"page","link":"https:\/\/www.3drpd.com\/fr\/certifications\/","title":{"rendered":"Certifications"},"content":{"rendered":"\t\t<div data-elementor-type=\"wp-page\" data-elementor-id=\"402\" class=\"elementor elementor-402 elementor-16\" data-elementor-post-type=\"page\">\n\t\t\t\t<div class=\"elementor-element elementor-element-d2506a7 e-flex e-con-boxed e-con e-parent\" data-id=\"d2506a7\" data-element_type=\"container\" data-e-type=\"container\" data-settings=\"{&quot;background_background&quot;:&quot;classic&quot;}\">\n\t\t\t\t\t<div class=\"e-con-inner\">\n\t\t\t\t<div class=\"elementor-element elementor-element-3fedf97 elementor-widget elementor-widget-heading\" data-id=\"3fedf97\" data-element_type=\"widget\" data-e-type=\"widget\" data-widget_type=\"heading.default\">\n\t\t\t\t<div class=\"elementor-widget-container\">\n\t\t\t\t\t<h1 class=\"elementor-heading-title elementor-size-default\">Certifications<\/h1>\t\t\t\t<\/div>\n\t\t\t\t<\/div>\n\t\t\t\t\t<\/div>\n\t\t\t\t<\/div>\n\t\t<div class=\"elementor-element elementor-element-3adc3b06 e-flex e-con-boxed e-con e-parent\" data-id=\"3adc3b06\" data-element_type=\"container\" data-e-type=\"container\">\n\t\t\t\t\t<div class=\"e-con-inner\">\n\t\t<div class=\"elementor-element elementor-element-47aec777 e-con-full e-flex e-con e-child\" data-id=\"47aec777\" data-element_type=\"container\" data-e-type=\"container\">\n\t\t\t\t<div class=\"elementor-element elementor-element-4e12f90 elementor-widget elementor-widget-heading\" data-id=\"4e12f90\" data-element_type=\"widget\" data-e-type=\"widget\" data-widget_type=\"heading.default\">\n\t\t\t\t<div class=\"elementor-widget-container\">\n\t\t\t\t\t<h2 class=\"elementor-heading-title elementor-size-default\">Certificat d\u2019authenticit\u00e9<\/h2>\t\t\t\t<\/div>\n\t\t\t\t<\/div>\n\t\t\t\t<div class=\"elementor-element elementor-element-f9daa9e elementor-widget elementor-widget-text-editor\" data-id=\"f9daa9e\" data-element_type=\"widget\" data-e-type=\"widget\" data-widget_type=\"text-editor.default\">\n\t\t\t\t<div class=\"elementor-widget-container\">\n\t\t\t\t\t\t\t\t\t<p class=\"p1\">Notre certificat d\u2019authenticit\u00e9 garantit la plus haute qualit\u00e9 de PPA disponible.<\/p>\t\t\t\t\t\t\t\t<\/div>\n\t\t\t\t<\/div>\n\t\t\t\t<div class=\"elementor-element elementor-element-2c66682 elementor-widget elementor-widget-text-editor\" data-id=\"2c66682\" data-element_type=\"widget\" data-e-type=\"widget\" data-widget_type=\"text-editor.default\">\n\t\t\t\t<div class=\"elementor-widget-container\">\n\t\t\t\t\t\t\t\t\t<p class=\"p1\">Chaque commande exp\u00e9di\u00e9e \u00e0 partir d\u2019un centre autoris\u00e9 3DRPD\u00ae est accompagn\u00e9e d\u2019un certificat d\u2019authenticit\u00e9 plastifi\u00e9 et durable. Exclusif \u00e0 notre entreprise, ce document contient un code-barres unique permettant de relier chaque armature \u00e0 son fichier num\u00e9rique \u2014 assurant ainsi une tra\u00e7abilit\u00e9 compl\u00e8te en cas de remplacement sous notre garantie de 5 ans. <\/p><p class=\"p1\">Les patients peuvent avoir la certitude de recevoir un dispositif authentique, fabriqu\u00e9 par la soci\u00e9t\u00e9 qui a \u00e9t\u00e9 pionni\u00e8re dans la fabrication de PPA par frittage laser. Les dentistes, quant \u00e0 eux, peuvent rassurer leurs patients : ils b\u00e9n\u00e9ficient d\u2019une armature parmi les plus confortables et fiables du march\u00e9.<\/p>\t\t\t\t\t\t\t\t<\/div>\n\t\t\t\t<\/div>\n\t\t\t\t<\/div>\n\t\t<div class=\"elementor-element elementor-element-4b885d2 e-con-full e-flex e-con e-child\" data-id=\"4b885d2\" data-element_type=\"container\" data-e-type=\"container\">\n\t\t\t\t<div class=\"elementor-element elementor-element-30811bc elementor-widget elementor-widget-image\" data-id=\"30811bc\" data-element_type=\"widget\" data-e-type=\"widget\" data-widget_type=\"image.default\">\n\t\t\t\t<div class=\"elementor-widget-container\">\n\t\t\t\t\t\t\t\t\t\t\t\t\t\t\t<img decoding=\"async\" width=\"219\" height=\"137\" src=\"https:\/\/www.3drpd.com\/wp-content\/uploads\/2025\/04\/3DRDPD_authenticity-certification.png\" class=\"attachment-large size-large wp-image-374\" alt=\"\" \/>\t\t\t\t\t\t\t\t\t\t\t\t\t\t\t<\/div>\n\t\t\t\t<\/div>\n\t\t\t\t<\/div>\n\t\t\t\t\t<\/div>\n\t\t\t\t<\/div>\n\t\t<div class=\"elementor-element elementor-element-5e7f611 e-flex e-con-boxed e-con e-parent\" data-id=\"5e7f611\" data-element_type=\"container\" data-e-type=\"container\" data-settings=\"{&quot;background_background&quot;:&quot;classic&quot;}\">\n\t\t\t\t\t<div class=\"e-con-inner\">\n\t\t<div class=\"elementor-element elementor-element-87510cf e-con-full e-flex e-con e-child\" data-id=\"87510cf\" data-element_type=\"container\" data-e-type=\"container\">\n\t\t\t\t<div class=\"elementor-element elementor-element-33b139d elementor-widget elementor-widget-heading\" data-id=\"33b139d\" data-element_type=\"widget\" data-e-type=\"widget\" data-widget_type=\"heading.default\">\n\t\t\t\t<div class=\"elementor-widget-container\">\n\t\t\t\t\t<h2 class=\"elementor-heading-title elementor-size-default\">Garantie<\/h2>\t\t\t\t<\/div>\n\t\t\t\t<\/div>\n\t\t\t\t<div class=\"elementor-element elementor-element-dcf020d elementor-widget elementor-widget-text-editor\" data-id=\"dcf020d\" data-element_type=\"widget\" data-e-type=\"widget\" data-widget_type=\"text-editor.default\">\n\t\t\t\t<div class=\"elementor-widget-container\">\n\t\t\t\t\t\t\t\t\t<p>Garantie de 5 ans<\/p>\t\t\t\t\t\t\t\t<\/div>\n\t\t\t\t<\/div>\n\t\t\t\t<div class=\"elementor-element elementor-element-7d92392 elementor-widget elementor-widget-text-editor\" data-id=\"7d92392\" data-element_type=\"widget\" data-e-type=\"widget\" data-widget_type=\"text-editor.default\">\n\t\t\t\t<div class=\"elementor-widget-container\">\n\t\t\t\t\t\t\t\t\t<p class=\"p1\">Chez 3DRPD\u00ae, nous garantissons la qualit\u00e9, la durabilit\u00e9 et la fiabilit\u00e9 clinique de chaque armature que nous produisons. Notre garantie de 5 ans refl\u00e8te non seulement notre excellence en fabrication, mais aussi la <b>validation scientifique<\/b> qui soutient la performance de nos produits.<\/p><p class=\"p1\">Cette garantie t\u00e9moigne de notre expertise de longue date, de notre engagement envers une dentisterie fond\u00e9e sur les donn\u00e9es probantes, ainsi que de notre volont\u00e9 de fournir des armatures qui r\u00e9pondent constamment aux normes cliniques les plus \u00e9lev\u00e9es.<\/p><p class=\"p1\">Avec 3DRPD\u00ae, les professionnels dentaires et leurs patients b\u00e9n\u00e9ficient d\u2019une tranquillit\u00e9 d\u2019esprit durable \u2014 et d\u2019un produit con\u00e7u pour durer.<\/p>\t\t\t\t\t\t\t\t<\/div>\n\t\t\t\t<\/div>\n\t\t\t\t<\/div>\n\t\t<div class=\"elementor-element elementor-element-ffa980b e-con-full e-flex e-con e-child\" data-id=\"ffa980b\" data-element_type=\"container\" data-e-type=\"container\">\n\t\t\t\t<div class=\"elementor-element elementor-element-b8a0787 elementor-widget elementor-widget-image\" data-id=\"b8a0787\" data-element_type=\"widget\" data-e-type=\"widget\" data-widget_type=\"image.default\">\n\t\t\t\t<div class=\"elementor-widget-container\">\n\t\t\t\t\t\t\t\t\t\t\t\t\t\t\t<img decoding=\"async\" width=\"211\" height=\"201\" src=\"https:\/\/www.3drpd.com\/wp-content\/uploads\/2025\/04\/3DRDPD_warranty_5years-1.png\" class=\"attachment-large size-large wp-image-375\" alt=\"\" \/>\t\t\t\t\t\t\t\t\t\t\t\t\t\t\t<\/div>\n\t\t\t\t<\/div>\n\t\t\t\t<\/div>\n\t\t\t\t\t<\/div>\n\t\t\t\t<\/div>\n\t\t<div class=\"elementor-element elementor-element-f446450 e-flex e-con-boxed e-con e-parent\" data-id=\"f446450\" data-element_type=\"container\" data-e-type=\"container\">\n\t\t\t\t\t<div class=\"e-con-inner\">\n\t\t<div class=\"elementor-element elementor-element-8280530 e-con-full e-flex e-con e-child\" data-id=\"8280530\" data-element_type=\"container\" data-e-type=\"container\">\n\t\t\t\t<div class=\"elementor-element elementor-element-b749498 elementor-widget elementor-widget-heading\" data-id=\"b749498\" data-element_type=\"widget\" data-e-type=\"widget\" data-widget_type=\"heading.default\">\n\t\t\t\t<div class=\"elementor-widget-container\">\n\t\t\t\t\t<IfSoCondition content='&lt;h2 class=&quot;elementor-heading-title elementor-size-default&quot;&gt;FDA et&amp;nbsp;conformit\u00e9 r\u00e9glementaire&lt;\/h2&gt;' default='' rule='{&quot;trigger_type&quot;:&quot;Geolocation&quot;,&quot;geolocation_behaviour&quot;:&quot;is-not&quot;,&quot;geolocation_data&quot;:&quot;COUNTRY!!CA!!CA&quot;,&quot;freeze-mode&quot;:false}' hash='e52303fb4591aadbef7f3140d2e764478b67a6d4977cf3da542919b41cba79a6' class='' style='display:inline-block;'><\/IfSoCondition>\t\t\t\t<\/div>\n\t\t\t\t<\/div>\n\t\t\t\t<div class=\"elementor-element elementor-element-0c42209 elementor-widget elementor-widget-heading\" data-id=\"0c42209\" data-element_type=\"widget\" data-e-type=\"widget\" data-widget_type=\"heading.default\">\n\t\t\t\t<div class=\"elementor-widget-container\">\n\t\t\t\t\t<IfSoCondition content='&lt;h2 class=&quot;elementor-heading-title elementor-size-default&quot;&gt;Sant\u00e9 Canada et&amp;nbsp;conformit\u00e9 r\u00e9glementaire&lt;\/h2&gt;' default='' rule='{&quot;trigger_type&quot;:&quot;Geolocation&quot;,&quot;geolocation_behaviour&quot;:&quot;is&quot;,&quot;geolocation_data&quot;:&quot;COUNTRY!!CA!!CA&quot;,&quot;freeze-mode&quot;:false}' hash='515a16f2a91f6757a08968ecbc6c1cd47d70aa90bb1029645a116d4ee07ef622' class='' style='display:inline-block;'><\/IfSoCondition>\t\t\t\t<\/div>\n\t\t\t\t<\/div>\n\t\t\t\t<div class=\"elementor-element elementor-element-e60f0b6 elementor-widget elementor-widget-text-editor\" data-id=\"e60f0b6\" data-element_type=\"widget\" data-e-type=\"widget\" data-widget_type=\"text-editor.default\">\n\t\t\t\t<div class=\"elementor-widget-container\">\n\t\t\t\t\t<IfSoCondition content='\t\t\t\t&lt;p&gt;Alliages m\u00e9talliques conformes aux normes de Sant\u00e9 Canada&lt;\/p&gt;\t\t\t\t' default='&lt;p&gt;FDA-compliant metal alloys&lt;\/p&gt;' rule='{&quot;trigger_type&quot;:&quot;Geolocation&quot;,&quot;geolocation_behaviour&quot;:&quot;is&quot;,&quot;geolocation_data&quot;:&quot;COUNTRY!!CA!!CA&quot;,&quot;freeze-mode&quot;:false}' hash='d1dbd060fc54d24b89a94fcab05d4498bf25a7af6816eeba8bf28fafaba7093e' class='' style='display:inline-block;'><\/IfSoCondition>\t\t\t\t<\/div>\n\t\t\t\t<\/div>\n\t\t\t\t<div class=\"elementor-element elementor-element-0a835fd elementor-widget elementor-widget-text-editor\" data-id=\"0a835fd\" data-element_type=\"widget\" data-e-type=\"widget\" data-widget_type=\"text-editor.default\">\n\t\t\t\t<div class=\"elementor-widget-container\">\n\t\t\t\t\t<IfSoCondition content='\t\t\t\t&lt;p class=&quot;p1&quot;&gt;Chez 3DRPD\u00ae, nous utilisons uniquement des alliages m\u00e9talliques conformes aux normes de Sant\u00e9 Canada, s\u00e9lectionn\u00e9s pour leurs performances cliniques, leur biocompatibilit\u00e9 et leur fiabilit\u00e9 \u00e0 long terme. Chaque armature est fabriqu\u00e9e selon des protocoles de qualit\u00e9 stricts, \u00e0 partir de poudres certifi\u00e9es de chrome-cobalt ou de titane r\u00e9pondant aux normes r\u00e9glementaires et de s\u00e9curit\u00e9.&lt;\/p&gt;&lt;p class=&quot;p1&quot;&gt;Pour garantir une transparence totale, chaque cas comprend un &lt;b&gt;autocollant IdentAlloy\u00ae&lt;\/b&gt;, indiquant clairement la composition chimique de l\u2019alliage utilis\u00e9. Cette documentation offre une tranquillit\u00e9 d\u2019esprit tant aux professionnels dentaires qu\u2019aux patients, en confirmant que le dispositif respecte les normes internationales reconnues.&lt;\/p&gt;&lt;p class=&quot;p1&quot;&gt;Avec 3DRPD\u00ae, vous b\u00e9n\u00e9ficiez d\u2019une fabrication de pr\u00e9cision et de mat\u00e9riaux certifi\u00e9s \u2014 avec toute la confiance que m\u00e9rite votre pratique.&lt;\/p&gt;\t\t\t\t' default='&lt;p class=&quot;p1&quot;&gt;At 3DRPD\u00ae, we use only FDA-compliant metal alloys selected for their clinical performance, biocompatibility, and long-term reliability. Each framework is manufactured under strict quality protocols using certified cobalt-chromium or titanium powders that meet regulatory and safety standards.\u00a0&lt;\/p&gt;&lt;p class=&quot;p1&quot;&gt;To ensure full transparency, every case includes an &lt;b&gt;IdentAlloy\u00ae sticker&lt;\/b&gt;, clearly identifying the chemical composition of the alloy used. This documentation provides peace of mind for both dental professionals and patients, confirming that the device meets recognized international standards.\u00a0&lt;\/p&gt;&lt;p class=&quot;p1&quot;&gt;With 3DRPD\u00ae, you benefit from precision manufacturing and certified materials\u2014delivered with the trust your practice deserves.&lt;\/p&gt;' rule='{&quot;trigger_type&quot;:&quot;Geolocation&quot;,&quot;geolocation_behaviour&quot;:&quot;is&quot;,&quot;geolocation_data&quot;:&quot;COUNTRY!!CA!!CA&quot;,&quot;freeze-mode&quot;:false}' hash='21e94b4affa41520489f382c1d9ce616cf5db720745ea22184c50e306c1cb24c' class='' style='display:inline-block;'><\/IfSoCondition>\t\t\t\t<\/div>\n\t\t\t\t<\/div>\n\t\t\t\t<\/div>\n\t\t<div class=\"elementor-element elementor-element-fa51a54 e-con-full e-flex e-con e-child\" data-id=\"fa51a54\" data-element_type=\"container\" data-e-type=\"container\">\n\t\t\t\t<\/div>\n\t\t\t\t\t<\/div>\n\t\t\t\t<\/div>\n\t\t\t\t<\/div>\n\t\t","protected":false},"excerpt":{"rendered":"<p>Certificat d\u2019authenticit\u00e9 Notre certificat d\u2019authenticit\u00e9 garantit la plus haute qualit\u00e9 de PPA disponible. Chaque commande exp\u00e9di\u00e9e \u00e0 partir d\u2019un centre autoris\u00e9 3DRPD\u00ae est accompagn\u00e9e d\u2019un certificat d\u2019authenticit\u00e9 plastifi\u00e9 et durable. Exclusif \u00e0 notre entreprise, ce document contient un code-barres unique permettant de relier chaque armature \u00e0 son fichier num\u00e9rique \u2014 assurant ainsi une tra\u00e7abilit\u00e9 compl\u00e8te [&hellip;]<\/p>\n","protected":false},"author":1,"featured_media":0,"parent":0,"menu_order":2,"comment_status":"closed","ping_status":"closed","template":"elementor_header_footer","meta":{"footnotes":""},"class_list":["post-402","page","type-page","status-publish","hentry"],"_links":{"self":[{"href":"https:\/\/www.3drpd.com\/fr\/wp-json\/wp\/v2\/pages\/402","targetHints":{"allow":["GET"]}}],"collection":[{"href":"https:\/\/www.3drpd.com\/fr\/wp-json\/wp\/v2\/pages"}],"about":[{"href":"https:\/\/www.3drpd.com\/fr\/wp-json\/wp\/v2\/types\/page"}],"author":[{"embeddable":true,"href":"https:\/\/www.3drpd.com\/fr\/wp-json\/wp\/v2\/users\/1"}],"replies":[{"embeddable":true,"href":"https:\/\/www.3drpd.com\/fr\/wp-json\/wp\/v2\/comments?post=402"}],"version-history":[{"count":4,"href":"https:\/\/www.3drpd.com\/fr\/wp-json\/wp\/v2\/pages\/402\/revisions"}],"predecessor-version":[{"id":691,"href":"https:\/\/www.3drpd.com\/fr\/wp-json\/wp\/v2\/pages\/402\/revisions\/691"}],"wp:attachment":[{"href":"https:\/\/www.3drpd.com\/fr\/wp-json\/wp\/v2\/media?parent=402"}],"curies":[{"name":"wp","href":"https:\/\/api.w.org\/{rel}","templated":true}]}}