{"id":400,"date":"2025-04-10T09:44:26","date_gmt":"2025-04-10T13:44:26","guid":{"rendered":"https:\/\/3drpd.creatures.ca\/a-propos\/"},"modified":"2025-06-11T09:39:11","modified_gmt":"2025-06-11T13:39:11","slug":"a-propos","status":"publish","type":"page","link":"https:\/\/www.3drpd.com\/fr\/a-propos\/","title":{"rendered":"\u00c0 propos"},"content":{"rendered":"\t\t<div data-elementor-type=\"wp-page\" data-elementor-id=\"400\" class=\"elementor elementor-400 elementor-14\" data-elementor-post-type=\"page\">\n\t\t\t\t<div class=\"elementor-element elementor-element-a72dccf e-flex e-con-boxed e-con e-parent\" data-id=\"a72dccf\" data-element_type=\"container\" data-e-type=\"container\" data-settings=\"{&quot;background_background&quot;:&quot;classic&quot;}\">\n\t\t\t\t\t<div class=\"e-con-inner\">\n\t\t\t\t<div class=\"elementor-element elementor-element-4705cdb elementor-widget elementor-widget-heading\" data-id=\"4705cdb\" data-element_type=\"widget\" data-e-type=\"widget\" data-widget_type=\"heading.default\">\n\t\t\t\t<div class=\"elementor-widget-container\">\n\t\t\t\t\t<h1 class=\"elementor-heading-title elementor-size-default\">\u00c0 propos<\/h1>\t\t\t\t<\/div>\n\t\t\t\t<\/div>\n\t\t\t\t\t<\/div>\n\t\t\t\t<\/div>\n\t\t<div class=\"elementor-element elementor-element-45d00258 e-flex e-con-boxed e-con e-parent\" data-id=\"45d00258\" data-element_type=\"container\" data-e-type=\"container\">\n\t\t\t\t\t<div class=\"e-con-inner\">\n\t\t<div class=\"elementor-element elementor-element-172f1a49 e-con-full e-flex e-con e-child\" data-id=\"172f1a49\" data-element_type=\"container\" data-e-type=\"container\">\n\t\t\t\t<div class=\"elementor-element elementor-element-0db7023 elementor-widget elementor-widget-heading\" data-id=\"0db7023\" data-element_type=\"widget\" data-e-type=\"widget\" data-widget_type=\"heading.default\">\n\t\t\t\t<div class=\"elementor-widget-container\">\n\t\t\t\t\t<h2 class=\"elementor-heading-title elementor-size-default\">3drpd<\/h2>\t\t\t\t<\/div>\n\t\t\t\t<\/div>\n\t\t\t\t<div class=\"elementor-element elementor-element-7786e3d elementor-widget elementor-widget-text-editor\" data-id=\"7786e3d\" data-element_type=\"widget\" data-e-type=\"widget\" data-widget_type=\"text-editor.default\">\n\t\t\t\t<div class=\"elementor-widget-container\">\n\t\t\t\t\t<IfSoCondition content='\t\t\t\t&lt;p&gt;&lt;b&gt;3DRPD&lt;\/b&gt;\u00ae est une entreprise nord-am\u00e9ricaine sp\u00e9cialis\u00e9e dans la fabrication d\u2019armatures de proth\u00e8ses partielles amovibles (PPA) par &lt;b&gt;impression 3D&lt;\/b&gt;, utilisant la &lt;b&gt;technologie de fusion s\u00e9lective par laser (SLM)&lt;\/b&gt;. L\u2019entreprise collabore &lt;b&gt;exclusivement avec des laboratoires dentaires&lt;\/b&gt;, \u00e0 qui elle offre un service de fabrication hautement sp\u00e9cialis\u00e9, efficace et reproductible&lt;b&gt;.&lt;\/b&gt;  &lt;\/p&gt;\t\t\t\t' default='&lt;p&gt;&lt;b&gt;3DRPD\u00ae &lt;\/b&gt;is a US company specializing in the production of removable partial denture (RPD) frameworks using &lt;b&gt;3D printing &lt;\/b&gt;and &lt;b&gt;Selective Laser Melting (SLM) &lt;\/b&gt;technology. With manufacturing facilities in &lt;b&gt;Rouses Point, NY&lt;\/b&gt;, the company works &lt;b&gt;exclusively with dental laboratories&lt;\/b&gt;, providing them with highly specialized, efficient, and reproducible manufacturing services.\u00a0&lt;\/p&gt;' rule='{&quot;trigger_type&quot;:&quot;Geolocation&quot;,&quot;geolocation_behaviour&quot;:&quot;is&quot;,&quot;geolocation_data&quot;:&quot;COUNTRY!!CA!!CA&quot;,&quot;freeze-mode&quot;:false}' hash='e4eda609a2bb1ba75c86d28ac07dfcc37aa55746dde5c634db10a597eca8a748' class='' style='display:inline-block;'><\/IfSoCondition>\t\t\t\t<\/div>\n\t\t\t\t<\/div>\n\t\t<div class=\"elementor-element elementor-element-9c5931f e-con-full e-flex e-con e-child\" data-id=\"9c5931f\" data-element_type=\"container\" data-e-type=\"container\">\n\t\t<div class=\"elementor-element elementor-element-e95e27d e-con-full e-flex e-con e-child\" data-id=\"e95e27d\" data-element_type=\"container\" data-e-type=\"container\">\n\t\t\t\t<div class=\"elementor-element elementor-element-b856851 elementor-widget elementor-widget-text-editor\" data-id=\"b856851\" data-element_type=\"widget\" data-e-type=\"widget\" data-widget_type=\"text-editor.default\">\n\t\t\t\t<div class=\"elementor-widget-container\">\n\t\t\t\t\t\t\t\t\t<p class=\"p1\">Forte de plus de <b>15 ans d\u2019expertise<\/b> dans la fabrication de PPA en chrome-cobalt, 3DRPD\u00ae a r\u00e9cemment \u00e9largi son offre avec une nouvelle gamme d\u2019<b>armatures en titane<\/b> \u2014 un mat\u00e9riau reconnu pour sa l\u00e9g\u00e8ret\u00e9, sa biocompatibilit\u00e9 et sa durabilit\u00e9 exceptionnelle, r\u00e9pondant aux exigences cliniques les plus \u00e9lev\u00e9es. <\/p><p class=\"p1\">La production chez 3DRPD\u00ae repose sur une approche fond\u00e9e sur les <b>donn\u00e9es scientifiques<\/b>. Chaque \u00e9tape \u2014 de la s\u00e9lection des poudres m\u00e9talliques aux param\u00e8tres d\u2019impression et au post-traitement \u2014 est guid\u00e9e par des <b>recherches publi\u00e9es et valid\u00e9es<\/b> par des \u00e9tudes <b>in vitro<\/b>. <\/p><p class=\"p1\">L\u2019exp\u00e9rience client est renforc\u00e9e gr\u00e2ce au <b>portail en ligne 3DRPD\u00ae<\/b>, une plateforme de communication intuitive qui facilite la soumission des fichiers STL, le suivi des cas en temps r\u00e9el, le soutien technique direct et l\u2019acc\u00e8s complet \u00e0 l\u2019historique des commandes. Ce syst\u00e8me int\u00e9gr\u00e9 permet aux laboratoires partenaires de b\u00e9n\u00e9ficier d\u2019une efficacit\u00e9 accrue, d\u2019une plus grande pr\u00e9cision et d\u2019une fiabilit\u00e9 constante. <\/p>\t\t\t\t\t\t\t\t<\/div>\n\t\t\t\t<\/div>\n\t\t\t\t<\/div>\n\t\t<div class=\"elementor-element elementor-element-d98077d e-con-full e-flex e-con e-child\" data-id=\"d98077d\" data-element_type=\"container\" data-e-type=\"container\">\n\t\t\t\t<div class=\"elementor-element elementor-element-53c30df elementor-widget elementor-widget-image\" data-id=\"53c30df\" data-element_type=\"widget\" data-e-type=\"widget\" data-widget_type=\"image.default\">\n\t\t\t\t<div class=\"elementor-widget-container\">\n\t\t\t\t\t\t\t\t\t\t\t\t\t\t\t<img fetchpriority=\"high\" decoding=\"async\" width=\"600\" height=\"353\" src=\"https:\/\/www.3drpd.com\/wp-content\/uploads\/2025\/05\/lab.png\" class=\"attachment-large size-large wp-image-384\" alt=\"\" srcset=\"https:\/\/www.3drpd.com\/wp-content\/uploads\/2025\/05\/lab.png 600w, https:\/\/www.3drpd.com\/wp-content\/uploads\/2025\/05\/lab-300x177.png 300w\" sizes=\"(max-width: 600px) 100vw, 600px\" \/>\t\t\t\t\t\t\t\t\t\t\t\t\t\t\t<\/div>\n\t\t\t\t<\/div>\n\t\t\t\t<\/div>\n\t\t\t\t<\/div>\n\t\t\t\t<\/div>\n\t\t\t\t\t<\/div>\n\t\t\t\t<\/div>\n\t\t<div class=\"elementor-element elementor-element-26ae1ff e-flex e-con-boxed e-con e-parent\" data-id=\"26ae1ff\" data-element_type=\"container\" data-e-type=\"container\" data-settings=\"{&quot;background_background&quot;:&quot;gradient&quot;}\">\n\t\t\t\t\t<div class=\"e-con-inner\">\n\t\t<div class=\"elementor-element elementor-element-ea21cf7 e-con-full e-flex e-con e-child\" data-id=\"ea21cf7\" data-element_type=\"container\" data-e-type=\"container\">\n\t\t\t\t<div class=\"elementor-element elementor-element-29ba42c elementor-widget elementor-widget-image\" data-id=\"29ba42c\" data-element_type=\"widget\" data-e-type=\"widget\" data-widget_type=\"image.default\">\n\t\t\t\t<div class=\"elementor-widget-container\">\n\t\t\t\t\t\t\t\t\t\t\t\t\t\t\t<img decoding=\"async\" width=\"672\" height=\"382\" src=\"https:\/\/www.3drpd.com\/wp-content\/uploads\/2025\/04\/titanium_rpd.png\" class=\"attachment-large size-large wp-image-362\" alt=\"\" srcset=\"https:\/\/www.3drpd.com\/wp-content\/uploads\/2025\/04\/titanium_rpd.png 672w, https:\/\/www.3drpd.com\/wp-content\/uploads\/2025\/04\/titanium_rpd-300x171.png 300w\" sizes=\"(max-width: 672px) 100vw, 672px\" \/>\t\t\t\t\t\t\t\t\t\t\t\t\t\t\t<\/div>\n\t\t\t\t<\/div>\n\t\t\t\t<\/div>\n\t\t<div class=\"elementor-element elementor-element-9e5d06c e-con-full e-flex e-con e-child\" data-id=\"9e5d06c\" data-element_type=\"container\" data-e-type=\"container\">\n\t\t\t\t<div class=\"elementor-element elementor-element-f523469 elementor-widget elementor-widget-heading\" data-id=\"f523469\" data-element_type=\"widget\" data-e-type=\"widget\" data-widget_type=\"heading.default\">\n\t\t\t\t<div class=\"elementor-widget-container\">\n\t\t\t\t\t<h2 class=\"elementor-heading-title elementor-size-default\">Propri\u00e9t\u00e9s du produit<\/h2>\t\t\t\t<\/div>\n\t\t\t\t<\/div>\n\t\t\t\t<div class=\"elementor-element elementor-element-a786479 elementor-widget elementor-widget-text-editor\" data-id=\"a786479\" data-element_type=\"widget\" data-e-type=\"widget\" data-widget_type=\"text-editor.default\">\n\t\t\t\t<div class=\"elementor-widget-container\">\n\t\t\t\t\t<IfSoCondition content='\t\t\t\t&lt;p class=&quot;p1&quot;&gt;&lt;span class=&quot;s1&quot;&gt;Les produits 3DRPD\u00ae se distinguent par leur pr\u00e9cision, leur performance et leur constance. Fabriqu\u00e9s \u00e0 l\u2019aide de la technologie d\u2019impression 3D par fusion s\u00e9lective par laser (SLM), nos produits sont con\u00e7us \u00e0 partir d\u2019alliages m\u00e9talliques de qualit\u00e9 m\u00e9dicale conformes aux normes de Sant\u00e9 Canada, soigneusement s\u00e9lectionn\u00e9s, incluant le chrome-cobalt et le titane.  &lt;\/span&gt;&lt;\/p&gt;&lt;p class=&quot;p1&quot;&gt;Chaque dispositif est con\u00e7u \u00e0 l\u2019aide de logiciels dentaires de CAO avanc\u00e9s, selon les sp\u00e9cifications cliniques fournies par le laboratoire dentaire ou le praticien. Le processus de fabrication est guid\u00e9 par des param\u00e8tres valid\u00e9s scientifiquement, afin d\u2019assurer une r\u00e9sistance m\u00e9canique optimale et une biocompatibilit\u00e9 \u00e9lev\u00e9e.  &lt;\/p&gt;&lt;p class=&quot;p1&quot;&gt;Nos protocoles de polissage industriel garantissent une finition de surface homog\u00e8ne et de haute qualit\u00e9 pour chaque cas. Chaque armature est livr\u00e9e avec un &lt;b&gt;certificat d\u2019authenticit\u00e9 unique&lt;\/b&gt; et couverte par une &lt;b&gt;garantie de 5 ans&lt;\/b&gt; \u2014 pour une tranquillit\u00e9 d\u2019esprit \u00e0 long terme. &lt;\/p&gt;\t\t\t\t' default='&lt;p class=&quot;p1&quot;&gt;&lt;span class=&quot;s1&quot;&gt;3DRPD\u00ae products are defined by their precision, performance, and consistency. Manufactured using Selective Laser Melting (SLM) 3D printing technology, our products are made from carefully selected FDA medical-grade metal alloys, including cobalt-chromium and titanium.\u00a0&lt;\/span&gt;&lt;\/p&gt;&lt;p class=&quot;p1&quot;&gt;Each device is designed using advanced dental CAD software, based on the clinical specifications provided by the dental lab or practitioner. The manufacturing process is guided by scientifically validated parameters to ensure optimal mechanical strength and biocompatibility.\u00a0&lt;\/p&gt;&lt;p class=&quot;p1&quot;&gt;Our industrial polishing protocols guarantee uniform, high-quality surface finishes on every case. Each framework is delivered with a &lt;b&gt;unique certificate of authenticity &lt;\/b&gt;and backed by a &lt;b&gt;5-year warranty&lt;\/b&gt;\u2014ensuring long-term confidence and peace of mind.&lt;\/p&gt;' rule='{&quot;trigger_type&quot;:&quot;Geolocation&quot;,&quot;geolocation_behaviour&quot;:&quot;is&quot;,&quot;geolocation_data&quot;:&quot;COUNTRY!!CA!!CA&quot;,&quot;freeze-mode&quot;:false}' hash='e33c1227dded4265f312fd02a6f3e7a1969bbf30a261e86aa9038afe72fd5e31' class='' style='display:inline-block;'><\/IfSoCondition>\t\t\t\t<\/div>\n\t\t\t\t<\/div>\n\t\t\t\t<div class=\"elementor-element elementor-element-cf10278 elementor-widget elementor-widget-button\" data-id=\"cf10278\" data-element_type=\"widget\" data-e-type=\"widget\" data-widget_type=\"button.default\">\n\t\t\t\t<div class=\"elementor-widget-container\">\n\t\t\t\t\t\t\t\t\t<div class=\"elementor-button-wrapper\">\n\t\t\t\t\t<a class=\"elementor-button elementor-button-link elementor-size-sm\" href=\"https:\/\/www.3drpd.com\/fr\/certifications\/\">\n\t\t\t\t\t\t<span class=\"elementor-button-content-wrapper\">\n\t\t\t\t\t\t\t\t\t<span class=\"elementor-button-text\">En savoir plus \u00e0 propos de nos certifications<\/span>\n\t\t\t\t\t<\/span>\n\t\t\t\t\t<\/a>\n\t\t\t\t<\/div>\n\t\t\t\t\t\t\t\t<\/div>\n\t\t\t\t<\/div>\n\t\t\t\t<\/div>\n\t\t\t\t\t<\/div>\n\t\t\t\t<\/div>\n\t\t<div class=\"elementor-element elementor-element-54ebd9cc e-flex e-con-boxed e-con e-parent\" data-id=\"54ebd9cc\" data-element_type=\"container\" data-e-type=\"container\" data-settings=\"{&quot;background_background&quot;:&quot;classic&quot;}\">\n\t\t\t\t\t<div class=\"e-con-inner\">\n\t\t<div class=\"elementor-element elementor-element-742cf6e e-con-full e-flex e-con e-child\" data-id=\"742cf6e\" data-element_type=\"container\" data-e-type=\"container\">\n\t\t\t\t<div class=\"elementor-element elementor-element-0e32ea4 elementor-widget elementor-widget-heading\" data-id=\"0e32ea4\" data-element_type=\"widget\" data-e-type=\"widget\" data-widget_type=\"heading.default\">\n\t\t\t\t<div class=\"elementor-widget-container\">\n\t\t\t\t\t<h2 class=\"elementor-heading-title elementor-size-default\">B\u00e9n\u00e9fices du produit<\/h2>\t\t\t\t<\/div>\n\t\t\t\t<\/div>\n\t\t\t\t<div class=\"elementor-element elementor-element-7e09def elementor-widget elementor-widget-text-editor\" data-id=\"7e09def\" data-element_type=\"widget\" data-e-type=\"widget\" data-widget_type=\"text-editor.default\">\n\t\t\t\t<div class=\"elementor-widget-container\">\n\t\t\t\t\t<IfSoCondition content='\t\t\t\t&lt;p&gt;&lt;b&gt;Profitez d\u2019une solution \u00e9prouv\u00e9e \u2014 plus de 500 000 patients ont \u00e9t\u00e9 trait\u00e9s avec des armatures 3DRPD\u00ae. &lt;\/b&gt;Forte de nombreuses ann\u00e9es d\u2019expertise sp\u00e9cialis\u00e9e en impression 3D dentaire, 3DRPD\u00ae combine une fabrication additive de pointe (fusion s\u00e9lective par laser) avec des alliages de haute qualit\u00e9 pour offrir des produits \u00e0 la r\u00e9sistance \u00e0 la fatigue exceptionnelle, d\u2019une grande pr\u00e9cision et d\u2019une constance remarquable. Ce niveau de fiabilit\u00e9 repose sur une expertise technique approfondie et un engagement constant envers l\u2019innovation. Tous les mat\u00e9riaux utilis\u00e9s sont conformes aux normes de Sant\u00e9 Canada, et chaque produit est accompagn\u00e9 d\u2019un certificat IdentAlloy\u00ae pour une s\u00e9curit\u00e9 renforc\u00e9e. Faites confiance \u00e0 une \u00e9quipe passionn\u00e9e et exp\u00e9riment\u00e9e, et acc\u00e9dez imm\u00e9diatement \u00e0 un soutien technique de haut niveau.   &lt;\/p&gt;\t\t\t\t' default='&lt;p&gt;&lt;b&gt;Benefit from a proven solution\u2014over 500,000 patients have been treated with 3DRPD\u00ae frameworks. &lt;\/b&gt;Backed by years of specialized experience in dental 3D printing, 3DRPD\u00ae combines advanced additive manufacturing (Selective Laser Melting) with high-quality alloys to deliver products with exceptional fatigue resistance, precision, and consistency. This level of reliability is the result of deep technical expertise and a continuous commitment to innovation. All materials are FDA-compliant, and each product includes IdentAlloy\u00ae certification for added assurance. Rely on a passionate, highly experienced team and gain instant access to expert support.&lt;\/p&gt;' rule='{&quot;trigger_type&quot;:&quot;Geolocation&quot;,&quot;geolocation_behaviour&quot;:&quot;is&quot;,&quot;geolocation_data&quot;:&quot;COUNTRY!!CA!!CA&quot;,&quot;freeze-mode&quot;:false}' hash='e576c1d9e5042f79d8748e199274ce92a3f3d3b772b41664435b2e3d015625b6' class='' style='display:inline-block;'><\/IfSoCondition>\t\t\t\t<\/div>\n\t\t\t\t<\/div>\n\t\t\t\t<div class=\"elementor-element elementor-element-826f946 elementor-widget elementor-widget-button\" data-id=\"826f946\" data-element_type=\"widget\" data-e-type=\"widget\" data-widget_type=\"button.default\">\n\t\t\t\t<div class=\"elementor-widget-container\">\n\t\t\t\t\t\t\t\t\t<div class=\"elementor-button-wrapper\">\n\t\t\t\t\t<a class=\"elementor-button elementor-button-link elementor-size-sm\" href=\"https:\/\/www.3drpd.com\/fr\/etudes-cliniques\/\">\n\t\t\t\t\t\t<span class=\"elementor-button-content-wrapper\">\n\t\t\t\t\t\t\t\t\t<span class=\"elementor-button-text\">LIRE NOS \u00c9TUDES CLINIQUES<\/span>\n\t\t\t\t\t<\/span>\n\t\t\t\t\t<\/a>\n\t\t\t\t<\/div>\n\t\t\t\t\t\t\t\t<\/div>\n\t\t\t\t<\/div>\n\t\t\t\t<\/div>\n\t\t<div class=\"elementor-element elementor-element-6f3d329 e-con-full e-flex e-con e-child\" data-id=\"6f3d329\" data-element_type=\"container\" data-e-type=\"container\">\n\t\t\t\t<div class=\"elementor-element elementor-element-cf10b7e elementor-widget elementor-widget-image\" data-id=\"cf10b7e\" data-element_type=\"widget\" data-e-type=\"widget\" data-widget_type=\"image.default\">\n\t\t\t\t<div class=\"elementor-widget-container\">\n\t\t\t\t\t\t\t\t\t\t\t\t\t\t\t<img decoding=\"async\" width=\"800\" height=\"366\" src=\"https:\/\/www.3drpd.com\/wp-content\/uploads\/2025\/04\/alloy.png\" class=\"attachment-large size-large wp-image-372\" alt=\"\" srcset=\"https:\/\/www.3drpd.com\/wp-content\/uploads\/2025\/04\/alloy.png 980w, https:\/\/www.3drpd.com\/wp-content\/uploads\/2025\/04\/alloy-300x137.png 300w, https:\/\/www.3drpd.com\/wp-content\/uploads\/2025\/04\/alloy-768x351.png 768w\" sizes=\"(max-width: 800px) 100vw, 800px\" \/>\t\t\t\t\t\t\t\t\t\t\t\t\t\t\t<\/div>\n\t\t\t\t<\/div>\n\t\t\t\t<\/div>\n\t\t\t\t\t<\/div>\n\t\t\t\t<\/div>\n\t\t\t\t<\/div>\n\t\t","protected":false},"excerpt":{"rendered":"<p>3drpd 3DRPD\u00ae est une entreprise nord-am\u00e9ricaine sp\u00e9cialis\u00e9e dans la fabrication d\u2019armatures de proth\u00e8ses partielles amovibles (PPA) par impression 3D, utilisant la technologie de fusion s\u00e9lective par laser (SLM). L\u2019entreprise collabore exclusivement avec des laboratoires dentaires, \u00e0 qui elle offre un service de fabrication hautement sp\u00e9cialis\u00e9, efficace et reproductible. Forte de plus de 15 ans d\u2019expertise [&hellip;]<\/p>\n","protected":false},"author":1,"featured_media":0,"parent":0,"menu_order":1,"comment_status":"closed","ping_status":"closed","template":"elementor_header_footer","meta":{"footnotes":""},"class_list":["post-400","page","type-page","status-publish","hentry"],"_links":{"self":[{"href":"https:\/\/www.3drpd.com\/fr\/wp-json\/wp\/v2\/pages\/400","targetHints":{"allow":["GET"]}}],"collection":[{"href":"https:\/\/www.3drpd.com\/fr\/wp-json\/wp\/v2\/pages"}],"about":[{"href":"https:\/\/www.3drpd.com\/fr\/wp-json\/wp\/v2\/types\/page"}],"author":[{"embeddable":true,"href":"https:\/\/www.3drpd.com\/fr\/wp-json\/wp\/v2\/users\/1"}],"replies":[{"embeddable":true,"href":"https:\/\/www.3drpd.com\/fr\/wp-json\/wp\/v2\/comments?post=400"}],"version-history":[{"count":12,"href":"https:\/\/www.3drpd.com\/fr\/wp-json\/wp\/v2\/pages\/400\/revisions"}],"predecessor-version":[{"id":675,"href":"https:\/\/www.3drpd.com\/fr\/wp-json\/wp\/v2\/pages\/400\/revisions\/675"}],"wp:attachment":[{"href":"https:\/\/www.3drpd.com\/fr\/wp-json\/wp\/v2\/media?parent=400"}],"curies":[{"name":"wp","href":"https:\/\/api.w.org\/{rel}","templated":true}]}}